{"id":10,"date":"2025-05-27T15:57:27","date_gmt":"2025-05-27T15:57:27","guid":{"rendered":"https:\/\/jotvingiukelias.lt\/?page_id=10"},"modified":"2026-04-02T07:54:11","modified_gmt":"2026-04-02T07:54:11","slug":"pagrindinis","status":"publish","type":"page","link":"https:\/\/jotvingiukelias.lt\/","title":{"rendered":"Jotvingi\u0173 kelias | Droga Ja\u0107wing\u00f3w |  Yotvingians Road"},"content":{"rendered":"\n<div class=\"wp-block-interactive-map-content-lt\">\n<p><strong>Apie projekt\u0105<\/strong><\/p>\n\n\n\n<p>Projektas \u201eJotvingi\u0173 kelio pl\u0117tra Lietuvos-Lenkijos pasienyje\u201c yra bendra Lazdij\u0173 kult\u016bros centro ir Punsko savivaldyb\u0117s iniciatyva, siekianti skatinti jotvingi\u0173 kult\u016bros pa\u017einim\u0105 ir puosel\u0117ti paveld\u0105 pasienio regione.<\/p>\n\n\n\n<p>Projekto tikslas sukurti pasienio regiono Jotvingi\u0173 kelio mar\u0161rut\u0105 su ne ma\u017eiau nei 50 lankytin\u0173 objekt\u0173. Taip pat bus sukurta Jotvingi\u0173 pa\u017einimo erdv\u0117 Rudaminos amat\u0173 centre su interaktyviais \u017eaidimais, edukacin\u0117mis programomis. Lauke bus \u012frengta jauki edukacin\u0117 klas\u0117, kurioje bus gaminami jotvingi\u0161ki patiekalai. Punsko savivaldyb\u0117 \u012fsigis keliaujant\u012f amat\u0173 centr\u0105 su daugiafunkcine \u012franga gaminti jotvingi\u0161kus suvenyrus bei organizuoti edukacines programas.<\/p>\n\n\n\n<p>Projekto partneriai suorganizuos net 7 bendrus renginius, kurie puosel\u0117s paveld\u0105 pasienyje, skatins jotvingi\u0173 kult\u016bros pa\u017einim\u0105.<\/p>\n\n\n\n<ul class=\"wp-block-list\">\n<li>Projekto trukm\u0117 12 m\u0117nesi\u0173.<\/li>\n\n\n\n<li>Projektas finansuojamas ES Europos regionin\u0117s pl\u0117tros fondo l\u0117\u0161omis.<\/li>\n\n\n\n<li>&nbsp;Bendra projekto vert\u0117 154 092 eur\u0173 96 ct, toje sumoje ES skiriamos l\u0117\u0161os 123 274 eur\u0173 37 ct<\/li>\n<\/ul>\n\n\n<div class=\"wp-block-image\">\n<figure class=\"aligncenter size-medium is-resized\"><img loading=\"lazy\" decoding=\"async\" width=\"300\" height=\"300\" src=\"https:\/\/jotvingiukelias.lt\/wp-content\/uploads\/2025\/06\/LKC-logo-lt-300x300.png\" alt=\"\" class=\"wp-image-295\" style=\"aspect-ratio:1.001415406538731;width:179px;height:auto\" srcset=\"https:\/\/jotvingiukelias.lt\/wp-content\/uploads\/2025\/06\/LKC-logo-lt-300x300.png 300w, https:\/\/jotvingiukelias.lt\/wp-content\/uploads\/2025\/06\/LKC-logo-lt-150x150.png 150w, https:\/\/jotvingiukelias.lt\/wp-content\/uploads\/2025\/06\/LKC-logo-lt.png 700w\" sizes=\"auto, (max-width: 300px) 100vw, 300px\" \/><\/figure>\n<\/div>\n\n<div class=\"wp-block-image\">\n<figure class=\"aligncenter size-medium is-resized\"><img loading=\"lazy\" decoding=\"async\" width=\"300\" height=\"173\" src=\"https:\/\/jotvingiukelias.lt\/wp-content\/uploads\/2025\/06\/Punkas-herbas-lt-300x173.png\" alt=\"\" class=\"wp-image-297\" style=\"aspect-ratio:1.7390635240249022;width:228px;height:auto\" srcset=\"https:\/\/jotvingiukelias.lt\/wp-content\/uploads\/2025\/06\/Punkas-herbas-lt-300x173.png 300w, https:\/\/jotvingiukelias.lt\/wp-content\/uploads\/2025\/06\/Punkas-herbas-lt-768x442.png 768w, https:\/\/jotvingiukelias.lt\/wp-content\/uploads\/2025\/06\/Punkas-herbas-lt.png 800w\" sizes=\"auto, (max-width: 300px) 100vw, 300px\" \/><\/figure>\n<\/div>\n\n\n<figure class=\"wp-block-image size-full\"><img loading=\"lazy\" decoding=\"async\" width=\"900\" height=\"268\" src=\"https:\/\/jotvingiukelias.lt\/wp-content\/uploads\/2025\/06\/inerreg-lt.png\" alt=\"\" class=\"wp-image-291\" srcset=\"https:\/\/jotvingiukelias.lt\/wp-content\/uploads\/2025\/06\/inerreg-lt.png 900w, https:\/\/jotvingiukelias.lt\/wp-content\/uploads\/2025\/06\/inerreg-lt-300x89.png 300w, https:\/\/jotvingiukelias.lt\/wp-content\/uploads\/2025\/06\/inerreg-lt-768x229.png 768w\" sizes=\"auto, (max-width: 900px) 100vw, 900px\" \/><\/figure>\n\n\n\n<div class=\"wp-block-columns is-not-stacked-on-mobile about-project-images is-layout-flex wp-container-core-columns-is-layout-9d6595d7 wp-block-columns-is-layout-flex\"><\/div>\n<\/div>\n\n\n\n<div class=\"wp-block-interactive-map-content-pl\">\n<p><strong>O projekcie<\/strong><\/p>\n\n\n\n<p>Projekt \u201eRozw\u00f3j Szlaku Ja\u0107wieskiego na pograniczu litewsko-polskim\u201d jest wsp\u00f3ln\u0105 inicjatyw\u0105 Lazdijskiego Centrum Kultury i samorz\u0105du gminy Pu\u0144sk, kt\u00f3rej celem jest promowanie poznawania kultury ja\u0107wieskiej oraz piel\u0119gnowanie dziedzictwa w regionie przygranicznym.<\/p>\n\n\n\n<p>Celem projektu jest stworzenie trasy Szlaku Ja\u0107wieskiego w regionie przygranicznym z co najmniej 50 obiektami do zwiedzania. Powstanie tak\u017ce Strefa Poznania Ja\u0107wie\u017cy w Centrum Rzemios\u0142 w Rudaminie z interaktywnymi grami i programami edukacyjnymi. Na zewn\u0105trz zostanie urz\u0105dzona przytulna klasa edukacyjna, w kt\u00f3rej b\u0119d\u0105 przygotowywane potrawy ja\u0107wieskie. Samorz\u0105d gminy Pu\u0144sk zakupi mobilne centrum rzemios\u0142 z wielofunkcyjnym wyposa\u017ceniem do wytwarzania ja\u0107wieskich pami\u0105tek oraz organizowania program\u00f3w edukacyjnych.<\/p>\n\n\n\n<p>Partnerzy projektu zorganizuj\u0105 a\u017c 7 wsp\u00f3lnych wydarze\u0144, kt\u00f3re b\u0119d\u0105 piel\u0119gnowa\u0107 dziedzictwo na pograniczu i promowa\u0107 poznawanie kultury ja\u0107wieskiej.<\/p>\n\n\n\n<ul class=\"wp-block-list\">\n<li>Czas trwania projektu: 12 miesi\u0119cy.<\/li>\n\n\n\n<li>Projekt jest finansowany ze \u015brodk\u00f3w Europejskiego Funduszu Rozwoju Regionalnego UE.<\/li>\n\n\n\n<li>Ca\u0142kowita warto\u015b\u0107 projektu: 154 092,96 euro, z czego \u015brodki UE: 123 274,37 euro.<\/li>\n<\/ul>\n\n\n<div class=\"wp-block-image\">\n<figure class=\"aligncenter size-medium is-resized\"><a href=\"https:\/\/www.lazdijukulturoscentras.lt\/\" target=\"_blank\" rel=\"noopener\"><img loading=\"lazy\" decoding=\"async\" width=\"300\" height=\"300\" src=\"https:\/\/jotvingiukelias.lt\/wp-content\/uploads\/2025\/06\/LKC-logo-en-300x300.png\" alt=\"\" class=\"wp-image-294\" style=\"width:200px\" srcset=\"https:\/\/jotvingiukelias.lt\/wp-content\/uploads\/2025\/06\/LKC-logo-en-300x300.png 300w, https:\/\/jotvingiukelias.lt\/wp-content\/uploads\/2025\/06\/LKC-logo-en-150x150.png 150w, https:\/\/jotvingiukelias.lt\/wp-content\/uploads\/2025\/06\/LKC-logo-en.png 700w\" sizes=\"auto, (max-width: 300px) 100vw, 300px\" \/><\/a><\/figure>\n<\/div>\n\n<div class=\"wp-block-image\">\n<figure class=\"aligncenter size-medium\"><img loading=\"lazy\" decoding=\"async\" width=\"300\" height=\"173\" src=\"https:\/\/jotvingiukelias.lt\/wp-content\/uploads\/2025\/06\/Punkas-herbas-en-300x173.png\" alt=\"\" class=\"wp-image-296\" srcset=\"https:\/\/jotvingiukelias.lt\/wp-content\/uploads\/2025\/06\/Punkas-herbas-en-300x173.png 300w, https:\/\/jotvingiukelias.lt\/wp-content\/uploads\/2025\/06\/Punkas-herbas-en-768x442.png 768w, https:\/\/jotvingiukelias.lt\/wp-content\/uploads\/2025\/06\/Punkas-herbas-en.png 800w\" sizes=\"auto, (max-width: 300px) 100vw, 300px\" \/><\/figure>\n<\/div>\n\n\n<figure class=\"wp-block-image size-full\"><img loading=\"lazy\" decoding=\"async\" width=\"900\" height=\"272\" src=\"https:\/\/jotvingiukelias.lt\/wp-content\/uploads\/2025\/06\/inerreg-en.png\" alt=\"\" class=\"wp-image-290\" srcset=\"https:\/\/jotvingiukelias.lt\/wp-content\/uploads\/2025\/06\/inerreg-en.png 900w, https:\/\/jotvingiukelias.lt\/wp-content\/uploads\/2025\/06\/inerreg-en-300x91.png 300w, https:\/\/jotvingiukelias.lt\/wp-content\/uploads\/2025\/06\/inerreg-en-768x232.png 768w\" sizes=\"auto, (max-width: 900px) 100vw, 900px\" \/><\/figure>\n\n\n\n<div class=\"wp-block-columns is-not-stacked-on-mobile about-project-images is-layout-flex wp-container-core-columns-is-layout-9d6595d7 wp-block-columns-is-layout-flex\">\n<div class=\"wp-block-column is-layout-flow wp-block-column-is-layout-flow\"><\/div>\n\n\n\n<div class=\"wp-block-column is-layout-flow wp-block-column-is-layout-flow\"><\/div>\n\n\n\n<div class=\"wp-block-column is-layout-flow wp-block-column-is-layout-flow\"><\/div>\n<\/div>\n<\/div>\n\n\n\n<div class=\"wp-block-interactive-map-content-en\">\n<p><strong>About the project<\/strong><\/p>\n\n\n\n<p>The project \u201cDevelopment of the Yotvingian Route in the Lithuania\u2013Poland Border Region\u201d is a joint initiative of the Lazdijai Cultural Center and the Punsk Municipality, aimed at promoting awareness of Yotvingian culture and preserving heritage in the border region. The project\u2019s goal is to create a Yotvingian Route in the border area with no fewer than 50 points of interest. A Yotvingian Discovery Space will also be established at the Rudamina Crafts Center, featuring interactive games and educational programs. Outdoors, a cozy educational classroom will be set up, where Yotvingian dishes will be prepared. The Punsk Municipality will acquire a mobile crafts center with multifunctional equipment for making Yotvingian souvenirs and organizing educational programs. The project partners will organize as many as 7 joint events to nurture heritage in the border area and promote knowledge of Yotvingian culture.<\/p>\n\n\n\n<ul class=\"wp-block-list\">\n<li>Project duration: 12 months.<\/li>\n\n\n\n<li>The project is funded by the EU\u2019s European Regional Development Fund.<\/li>\n\n\n\n<li>Total project value: \u20ac154,092.96, of which EU funding: \u20ac123,274.37.<\/li>\n<\/ul>\n\n\n<div class=\"wp-block-image\">\n<figure class=\"aligncenter size-full is-resized\"><img loading=\"lazy\" decoding=\"async\" width=\"700\" height=\"700\" src=\"https:\/\/jotvingiukelias.lt\/wp-content\/uploads\/2025\/06\/LKC-logo-en.png\" alt=\"\" class=\"wp-image-294\" style=\"width:200px;height:auto\" srcset=\"https:\/\/jotvingiukelias.lt\/wp-content\/uploads\/2025\/06\/LKC-logo-en.png 700w, https:\/\/jotvingiukelias.lt\/wp-content\/uploads\/2025\/06\/LKC-logo-en-300x300.png 300w, https:\/\/jotvingiukelias.lt\/wp-content\/uploads\/2025\/06\/LKC-logo-en-150x150.png 150w\" sizes=\"auto, (max-width: 700px) 100vw, 700px\" \/><\/figure>\n<\/div>\n\n<div class=\"wp-block-image\">\n<figure class=\"aligncenter size-medium\"><img loading=\"lazy\" decoding=\"async\" width=\"300\" height=\"173\" src=\"https:\/\/jotvingiukelias.lt\/wp-content\/uploads\/2025\/06\/Punkas-herbas-en-300x173.png\" alt=\"\" class=\"wp-image-296\" srcset=\"https:\/\/jotvingiukelias.lt\/wp-content\/uploads\/2025\/06\/Punkas-herbas-en-300x173.png 300w, https:\/\/jotvingiukelias.lt\/wp-content\/uploads\/2025\/06\/Punkas-herbas-en-768x442.png 768w, https:\/\/jotvingiukelias.lt\/wp-content\/uploads\/2025\/06\/Punkas-herbas-en.png 800w\" sizes=\"auto, (max-width: 300px) 100vw, 300px\" \/><\/figure>\n<\/div>\n\n\n<figure class=\"wp-block-image size-full\"><img loading=\"lazy\" decoding=\"async\" width=\"900\" height=\"272\" src=\"https:\/\/jotvingiukelias.lt\/wp-content\/uploads\/2025\/06\/inerreg-en.png\" alt=\"\" class=\"wp-image-290\" srcset=\"https:\/\/jotvingiukelias.lt\/wp-content\/uploads\/2025\/06\/inerreg-en.png 900w, https:\/\/jotvingiukelias.lt\/wp-content\/uploads\/2025\/06\/inerreg-en-300x91.png 300w, https:\/\/jotvingiukelias.lt\/wp-content\/uploads\/2025\/06\/inerreg-en-768x232.png 768w\" sizes=\"auto, (max-width: 900px) 100vw, 900px\" \/><\/figure>\n<\/div>\n\n\n\n<div class=\"wp-block-columns is-layout-flex wp-container-core-columns-is-layout-9d6595d7 wp-block-columns-is-layout-flex\">\n<div class=\"wp-block-column is-layout-flow wp-block-column-is-layout-flow\"><\/div>\n\n\n\n<div class=\"wp-block-column is-layout-flow wp-block-column-is-layout-flow\"><\/div>\n\n\n\n<div class=\"wp-block-column is-layout-flow wp-block-column-is-layout-flow\"><\/div>\n<\/div>\n\n\n\n<p><\/p>\n","protected":false},"excerpt":{"rendered":"","protected":false},"author":1,"featured_media":0,"parent":0,"menu_order":0,"comment_status":"closed","ping_status":"closed","template":"","meta":{"footnotes":""},"class_list":["post-10","page","type-page","status-publish","hentry"],"_links":{"self":[{"href":"https:\/\/jotvingiukelias.lt\/index.php\/wp-json\/wp\/v2\/pages\/10","targetHints":{"allow":["GET"]}}],"collection":[{"href":"https:\/\/jotvingiukelias.lt\/index.php\/wp-json\/wp\/v2\/pages"}],"about":[{"href":"https:\/\/jotvingiukelias.lt\/index.php\/wp-json\/wp\/v2\/types\/page"}],"author":[{"embeddable":true,"href":"https:\/\/jotvingiukelias.lt\/index.php\/wp-json\/wp\/v2\/users\/1"}],"replies":[{"embeddable":true,"href":"https:\/\/jotvingiukelias.lt\/index.php\/wp-json\/wp\/v2\/comments?post=10"}],"version-history":[{"count":33,"href":"https:\/\/jotvingiukelias.lt\/index.php\/wp-json\/wp\/v2\/pages\/10\/revisions"}],"predecessor-version":[{"id":476,"href":"https:\/\/jotvingiukelias.lt\/index.php\/wp-json\/wp\/v2\/pages\/10\/revisions\/476"}],"wp:attachment":[{"href":"https:\/\/jotvingiukelias.lt\/index.php\/wp-json\/wp\/v2\/media?parent=10"}],"curies":[{"name":"wp","href":"https:\/\/api.w.org\/{rel}","templated":true}]}}